{"id":57,"date":"2025-06-25T20:13:56","date_gmt":"2025-06-25T18:13:56","guid":{"rendered":"https:\/\/literatura-dla-mlodych.pl\/?page_id=57"},"modified":"2025-06-25T21:05:36","modified_gmt":"2025-06-25T19:05:36","slug":"lektury","status":"publish","type":"page","link":"https:\/\/literatura-dla-mlodych.pl\/?page_id=57","title":{"rendered":"Lektury"},"content":{"rendered":"<nav class=\"is-responsive wp-block-navigation is-layout-flex wp-block-navigation-is-layout-flex\" aria-label=\"Navigation\" \n\t\t data-wp-interactive=\"core\/navigation\" data-wp-context='{\"overlayOpenedBy\":{\"click\":false,\"hover\":false,\"focus\":false},\"type\":\"overlay\",\"roleAttribute\":\"\",\"ariaLabel\":\"Menu\"}'><button aria-haspopup=\"dialog\" aria-label=\"Rozwi\u0144 menu\" class=\"wp-block-navigation__responsive-container-open\" \n\t\t\t\tdata-wp-on-async--click=\"actions.openMenuOnClick\"\n\t\t\t\tdata-wp-on--keydown=\"actions.handleMenuKeydown\"\n\t\t\t><svg width=\"24\" height=\"24\" xmlns=\"http:\/\/www.w3.org\/2000\/svg\" viewBox=\"0 0 24 24\" aria-hidden=\"true\" focusable=\"false\"><rect x=\"4\" y=\"7.5\" width=\"16\" height=\"1.5\" \/><rect x=\"4\" y=\"15\" width=\"16\" height=\"1.5\" \/><\/svg><\/button>\n\t\t\t\t<div class=\"wp-block-navigation__responsive-container\"  id=\"modal-1\" \n\t\t\t\tdata-wp-class--has-modal-open=\"state.isMenuOpen\"\n\t\t\t\tdata-wp-class--is-menu-open=\"state.isMenuOpen\"\n\t\t\t\tdata-wp-watch=\"callbacks.initMenu\"\n\t\t\t\tdata-wp-on--keydown=\"actions.handleMenuKeydown\"\n\t\t\t\tdata-wp-on-async--focusout=\"actions.handleMenuFocusout\"\n\t\t\t\ttabindex=\"-1\"\n\t\t\t>\n\t\t\t\t\t<div class=\"wp-block-navigation__responsive-close\" tabindex=\"-1\">\n\t\t\t\t\t\t<div class=\"wp-block-navigation__responsive-dialog\" \n\t\t\t\tdata-wp-bind--aria-modal=\"state.ariaModal\"\n\t\t\t\tdata-wp-bind--aria-label=\"state.ariaLabel\"\n\t\t\t\tdata-wp-bind--role=\"state.roleAttribute\"\n\t\t\t>\n\t\t\t\t\t\t\t<button aria-label=\"Zamknij menu\" class=\"wp-block-navigation__responsive-container-close\" \n\t\t\t\tdata-wp-on-async--click=\"actions.closeMenuOnClick\"\n\t\t\t><svg xmlns=\"http:\/\/www.w3.org\/2000\/svg\" viewBox=\"0 0 24 24\" width=\"24\" height=\"24\" aria-hidden=\"true\" focusable=\"false\"><path d=\"m13.06 12 6.47-6.47-1.06-1.06L12 10.94 5.53 4.47 4.47 5.53 10.94 12l-6.47 6.47 1.06 1.06L12 13.06l6.47 6.47 1.06-1.06L13.06 12Z\"><\/path><\/svg><\/button>\n\t\t\t\t\t\t\t<div class=\"wp-block-navigation__responsive-container-content\" \n\t\t\t\tdata-wp-watch=\"callbacks.focusFirstElement\"\n\t\t\t id=\"modal-1-content\">\n\t\t\t\t\t\t\t\t<ul class=\"wp-block-navigation__container is-responsive wp-block-navigation\"><li class=\" wp-block-navigation-item wp-block-navigation-link\"><a class=\"wp-block-navigation-item__content\"  href=\"https:\/\/literatura-dla-mlodych.pl\/?page_id=2\"><span class=\"wp-block-navigation-item__label\">Strona g\u0142\u00f3wna<\/span><\/a><\/li><li class=\" wp-block-navigation-item wp-block-navigation-link\"><a class=\"wp-block-navigation-item__content\"  href=\"https:\/\/literatura-dla-mlodych.pl\/?page_id=53\"><span class=\"wp-block-navigation-item__label\">Gatunki<\/span><\/a><\/li><li class=\" wp-block-navigation-item wp-block-navigation-link\"><a class=\"wp-block-navigation-item__content\"  href=\"https:\/\/literatura-dla-mlodych.pl\/?page_id=55\"><span class=\"wp-block-navigation-item__label\">Autorzy<\/span><\/a><\/li><li class=\" wp-block-navigation-item wp-block-navigation-link\"><a class=\"wp-block-navigation-item__content\"  href=\"https:\/\/literatura-dla-mlodych.pl\/?page_id=57\"><span class=\"wp-block-navigation-item__label\">Lektury<\/span><\/a><\/li><\/ul>\n\t\t\t\t\t\t\t<\/div>\n\t\t\t\t\t\t<\/div>\n\t\t\t\t\t<\/div>\n\t\t\t\t<\/div><\/nav>\n\n\n<div class=\"wp-block-columns is-layout-flex wp-container-core-columns-is-layout-28f84493 wp-block-columns-is-layout-flex\">\n<div class=\"wp-block-column is-layout-flow wp-block-column-is-layout-flow\" style=\"flex-basis:33.33%\">\n<figure class=\"wp-block-image size-large\"><img loading=\"lazy\" decoding=\"async\" width=\"1024\" height=\"682\" src=\"https:\/\/literatura-dla-mlodych.pl\/wp-content\/uploads\/2025\/06\/ksiazki-1024x682.jpg\" alt=\"\" class=\"wp-image-45\" srcset=\"https:\/\/literatura-dla-mlodych.pl\/wp-content\/uploads\/2025\/06\/ksiazki-1024x682.jpg 1024w, https:\/\/literatura-dla-mlodych.pl\/wp-content\/uploads\/2025\/06\/ksiazki-300x200.jpg 300w, https:\/\/literatura-dla-mlodych.pl\/wp-content\/uploads\/2025\/06\/ksiazki-768x512.jpg 768w, https:\/\/literatura-dla-mlodych.pl\/wp-content\/uploads\/2025\/06\/ksiazki-1536x1023.jpg 1536w, https:\/\/literatura-dla-mlodych.pl\/wp-content\/uploads\/2025\/06\/ksiazki.jpg 1698w\" sizes=\"auto, (max-width: 1024px) 100vw, 1024px\" \/><\/figure>\n<\/div>\n\n\n\n<div class=\"wp-block-column is-layout-flow wp-block-column-is-layout-flow\" style=\"flex-basis:66.66%\">\n<p>Witaj w \u015bwiecie, gdzie przygoda czeka za ka\u017cd\u0105 stron\u0105, a bohaterowie s\u0105 tacy jak Ty \u2014 ciekawi, odwa\u017cni i pe\u0142ni emocji. W tej zak\u0142adce znajdziesz recenzje, opisy i polecenia ksi\u0105\u017cek, kt\u00f3re poruszaj\u0105 wa\u017cne tematy, bawi\u0105, wzruszaj\u0105 i inspiruj\u0105 m\u0142odych czytelnik\u00f3w.<\/p>\n\n\n\n<p>Od powie\u015bci fantasy, przez romanse i thrillery, a\u017c po historie o dorastaniu i poszukiwaniu siebie \u2014 z nami odkryjesz literatur\u0119, kt\u00f3ra zostaje w g\u0142owie na d\u0142ugo po przeczytaniu ostatniego zdania.<\/p>\n\n\n\n<p>Nie wiesz, po co si\u0119gn\u0105\u0107 dalej? Sprawd\u017a nasze rekomendacje i pozw\u00f3l si\u0119 porwa\u0107 dobrej ksi\u0105\u017cce!<\/p>\n<\/div>\n<\/div>\n\n\n\n<p>Fantastyka dla m\u0142odzie\u017cy: ,,Krew kt\u00f3ra nas dzieli&#8221; Edyty Pr\u00f3sinowskiej to doskona\u0142a propozycja lektury dla mi\u0142o\u015bnik\u00f3w historii o wampirach, przej\u015bciu ze szko\u0142y na studia i niewyja\u015bnionych tajemnicach. Uwaga! Ksi\u0105\u017cka posiada kontynuacj\u0119: ,, Jad kt\u00f3ry w nas p\u0142ynie&#8221;.<br><\/p>\n\n\n\n<p>Dla fan\u00f3w klasyki, idealn\u0105 propozycj\u0105 lektury jest seria: ,,Harry Potter&#8221; J.K. Rowling. Dla niewtajemniczonych &#8211; to historia zwyk\u0142ego ch\u0142opca, kt\u00f3ry dzi\u0119ki wielkiemu zapa\u0142owi, masie szcz\u0119\u015bcia i cudownym przyjacio\u0142om, chce zosta\u0107 czarodziejem i zmieni\u0107 losy Hogwartu! Dzi\u0119ki tej serii do\u015bwiadczysz plot twist\u00f3w, kt\u00f3re na pewno Ci\u0119 zdziwi\u0105&#8230;<\/p>\n\n\n\n<p>Iron Flame Oto brutalny, elitarny \u015bwiat wojskowej uczelni dla je\u017ad\u017ac\u00f3w smok\u00f3w autorstwa bestsellerowej autorki Rebeki Yarros. Dwudziestoletnia Violet Sorrengail mia\u0142a trafi\u0107 do Kwadrantu Skryb\u00f3w i wie\u015b\u0107 spokojne \u017cycie po\u015br\u00f3d ksi\u0105\u017cek i historii. A teraz g\u0142\u00f3wnodowodz\u0105ca, znana r\u00f3wnie\u017c jako jej bezkompromisowa matka, nakaza\u0142a Violet do\u0142\u0105czy\u0107 do setek kandydat\u00f3w pragn\u0105cych zosta\u0107 elit\u0105 Navarry \u2013 je\u017ad\u017ac\u00f3w smok\u00f3w.<\/p>\n\n\n\n<p>Wojna makowa\u201d to debiutancka powie\u015b\u0107 pisarki Rebecci Kuang. Poznaj pe\u0142n\u0105 si\u0142y woli kobiet\u0119 \u2013 Rin, sierot\u0119 wojenn\u0105, kt\u00f3ra za wszelk\u0105 cen\u0119 stara si\u0119 wyrwa\u0107 z rynsztoka, by m\u00f3c zacz\u0105\u0107 zupe\u0142nie inne \u017cycie. Czy jej si\u0119 to uda? Kim jest Rin? W ksi\u0105\u017cce \u201eWojna makowa\u201d poznasz Rin \u2013 dziewczyn\u0119, kt\u00f3rej \u017cycie nie oszcz\u0119dza\u0142o. Nie ma ona nikogo, na kim mog\u0142aby polega\u0107. Z pozoru wydawa\u0107 Ci si\u0119 mo\u017ce, \u017ce jej los jest ju\u017c z g\u00f3ry przes\u0105dzony, ale ona sama dowiedzie Ci, \u017ce nie musi godzi\u0107 si\u0119 na pogard\u0119 i odrzucenie spo\u0142ecze\u0144stwa. Zrobi wszystko, by po\u017cegna\u0107 si\u0119 z bied\u0105, sko\u0144czy\u0107 z uleg\u0142o\u015bci\u0105, p\u0142aczem i niemoc\u0105. Bohaterka nie chce tkwi\u0107 w zaaran\u017cowanym przez przybran\u0105 rodzin\u0119 ma\u0142\u017ce\u0144stwie.<\/p>\n","protected":false},"excerpt":{"rendered":"<p>Witaj w \u015bwiecie, gdzie przygoda czeka za ka\u017cd\u0105 stron\u0105, a bohaterowie s\u0105 tacy jak Ty \u2014 ciekawi, odwa\u017cni i pe\u0142ni [&hellip;]<\/p>\n","protected":false},"author":1,"featured_media":0,"parent":0,"menu_order":0,"comment_status":"closed","ping_status":"closed","template":"","meta":{"site-sidebar-layout":"default","site-content-layout":"","ast-site-content-layout":"default","site-content-style":"default","site-sidebar-style":"default","ast-global-header-display":"","ast-banner-title-visibility":"","ast-main-header-display":"","ast-hfb-above-header-display":"","ast-hfb-below-header-display":"","ast-hfb-mobile-header-display":"","site-post-title":"","ast-breadcrumbs-content":"","ast-featured-img":"","footer-sml-layout":"","theme-transparent-header-meta":"","adv-header-id-meta":"","stick-header-meta":"","header-above-stick-meta":"","header-main-stick-meta":"","header-below-stick-meta":"","astra-migrate-meta-layouts":"default","ast-page-background-enabled":"default","ast-page-background-meta":{"desktop":{"background-color":"var(--ast-global-color-5)","background-image":"","background-repeat":"repeat","background-position":"center center","background-size":"auto","background-attachment":"scroll","background-type":"","background-media":"","overlay-type":"","overlay-color":"","overlay-opacity":"","overlay-gradient":""},"tablet":{"background-color":"","background-image":"","background-repeat":"repeat","background-position":"center center","background-size":"auto","background-attachment":"scroll","background-type":"","background-media":"","overlay-type":"","overlay-color":"","overlay-opacity":"","overlay-gradient":""},"mobile":{"background-color":"","background-image":"","background-repeat":"repeat","background-position":"center center","background-size":"auto","background-attachment":"scroll","background-type":"","background-media":"","overlay-type":"","overlay-color":"","overlay-opacity":"","overlay-gradient":""}},"ast-content-background-meta":{"desktop":{"background-color":"var(--ast-global-color-4)","background-image":"","background-repeat":"repeat","background-position":"center center","background-size":"auto","background-attachment":"scroll","background-type":"","background-media":"","overlay-type":"","overlay-color":"","overlay-opacity":"","overlay-gradient":""},"tablet":{"background-color":"var(--ast-global-color-4)","background-image":"","background-repeat":"repeat","background-position":"center center","background-size":"auto","background-attachment":"scroll","background-type":"","background-media":"","overlay-type":"","overlay-color":"","overlay-opacity":"","overlay-gradient":""},"mobile":{"background-color":"var(--ast-global-color-4)","background-image":"","background-repeat":"repeat","background-position":"center center","background-size":"auto","background-attachment":"scroll","background-type":"","background-media":"","overlay-type":"","overlay-color":"","overlay-opacity":"","overlay-gradient":""}},"footnotes":""},"class_list":["post-57","page","type-page","status-publish","hentry"],"_links":{"self":[{"href":"https:\/\/literatura-dla-mlodych.pl\/index.php?rest_route=\/wp\/v2\/pages\/57","targetHints":{"allow":["GET"]}}],"collection":[{"href":"https:\/\/literatura-dla-mlodych.pl\/index.php?rest_route=\/wp\/v2\/pages"}],"about":[{"href":"https:\/\/literatura-dla-mlodych.pl\/index.php?rest_route=\/wp\/v2\/types\/page"}],"author":[{"embeddable":true,"href":"https:\/\/literatura-dla-mlodych.pl\/index.php?rest_route=\/wp\/v2\/users\/1"}],"replies":[{"embeddable":true,"href":"https:\/\/literatura-dla-mlodych.pl\/index.php?rest_route=%2Fwp%2Fv2%2Fcomments&post=57"}],"version-history":[{"count":5,"href":"https:\/\/literatura-dla-mlodych.pl\/index.php?rest_route=\/wp\/v2\/pages\/57\/revisions"}],"predecessor-version":[{"id":91,"href":"https:\/\/literatura-dla-mlodych.pl\/index.php?rest_route=\/wp\/v2\/pages\/57\/revisions\/91"}],"wp:attachment":[{"href":"https:\/\/literatura-dla-mlodych.pl\/index.php?rest_route=%2Fwp%2Fv2%2Fmedia&parent=57"}],"curies":[{"name":"wp","href":"https:\/\/api.w.org\/{rel}","templated":true}]}}