{"id":55,"date":"2025-06-25T20:12:48","date_gmt":"2025-06-25T18:12:48","guid":{"rendered":"https:\/\/literatura-dla-mlodych.pl\/?page_id=55"},"modified":"2025-06-25T21:05:14","modified_gmt":"2025-06-25T19:05:14","slug":"autorzy","status":"publish","type":"page","link":"https:\/\/literatura-dla-mlodych.pl\/?page_id=55","title":{"rendered":"Autorzy"},"content":{"rendered":"<nav class=\"is-responsive wp-block-navigation is-layout-flex wp-block-navigation-is-layout-flex\" aria-label=\"Navigation\" \n\t\t data-wp-interactive=\"core\/navigation\" data-wp-context='{\"overlayOpenedBy\":{\"click\":false,\"hover\":false,\"focus\":false},\"type\":\"overlay\",\"roleAttribute\":\"\",\"ariaLabel\":\"Menu\"}'><button aria-haspopup=\"dialog\" aria-label=\"Rozwi\u0144 menu\" class=\"wp-block-navigation__responsive-container-open\" \n\t\t\t\tdata-wp-on-async--click=\"actions.openMenuOnClick\"\n\t\t\t\tdata-wp-on--keydown=\"actions.handleMenuKeydown\"\n\t\t\t><svg width=\"24\" height=\"24\" xmlns=\"http:\/\/www.w3.org\/2000\/svg\" viewBox=\"0 0 24 24\" aria-hidden=\"true\" focusable=\"false\"><rect x=\"4\" y=\"7.5\" width=\"16\" height=\"1.5\" \/><rect x=\"4\" y=\"15\" width=\"16\" height=\"1.5\" \/><\/svg><\/button>\n\t\t\t\t<div class=\"wp-block-navigation__responsive-container\"  id=\"modal-1\" \n\t\t\t\tdata-wp-class--has-modal-open=\"state.isMenuOpen\"\n\t\t\t\tdata-wp-class--is-menu-open=\"state.isMenuOpen\"\n\t\t\t\tdata-wp-watch=\"callbacks.initMenu\"\n\t\t\t\tdata-wp-on--keydown=\"actions.handleMenuKeydown\"\n\t\t\t\tdata-wp-on-async--focusout=\"actions.handleMenuFocusout\"\n\t\t\t\ttabindex=\"-1\"\n\t\t\t>\n\t\t\t\t\t<div class=\"wp-block-navigation__responsive-close\" tabindex=\"-1\">\n\t\t\t\t\t\t<div class=\"wp-block-navigation__responsive-dialog\" \n\t\t\t\tdata-wp-bind--aria-modal=\"state.ariaModal\"\n\t\t\t\tdata-wp-bind--aria-label=\"state.ariaLabel\"\n\t\t\t\tdata-wp-bind--role=\"state.roleAttribute\"\n\t\t\t>\n\t\t\t\t\t\t\t<button aria-label=\"Zamknij menu\" class=\"wp-block-navigation__responsive-container-close\" \n\t\t\t\tdata-wp-on-async--click=\"actions.closeMenuOnClick\"\n\t\t\t><svg xmlns=\"http:\/\/www.w3.org\/2000\/svg\" viewBox=\"0 0 24 24\" width=\"24\" height=\"24\" aria-hidden=\"true\" focusable=\"false\"><path d=\"m13.06 12 6.47-6.47-1.06-1.06L12 10.94 5.53 4.47 4.47 5.53 10.94 12l-6.47 6.47 1.06 1.06L12 13.06l6.47 6.47 1.06-1.06L13.06 12Z\"><\/path><\/svg><\/button>\n\t\t\t\t\t\t\t<div class=\"wp-block-navigation__responsive-container-content\" \n\t\t\t\tdata-wp-watch=\"callbacks.focusFirstElement\"\n\t\t\t id=\"modal-1-content\">\n\t\t\t\t\t\t\t\t<ul class=\"wp-block-navigation__container is-responsive wp-block-navigation\"><li class=\" wp-block-navigation-item wp-block-navigation-link\"><a class=\"wp-block-navigation-item__content\"  href=\"https:\/\/literatura-dla-mlodych.pl\/?page_id=2\"><span class=\"wp-block-navigation-item__label\">Strona g\u0142\u00f3wna<\/span><\/a><\/li><li class=\" wp-block-navigation-item wp-block-navigation-link\"><a class=\"wp-block-navigation-item__content\"  href=\"https:\/\/literatura-dla-mlodych.pl\/?page_id=53\"><span class=\"wp-block-navigation-item__label\">Gatunki<\/span><\/a><\/li><li class=\" wp-block-navigation-item wp-block-navigation-link\"><a class=\"wp-block-navigation-item__content\"  href=\"https:\/\/literatura-dla-mlodych.pl\/?page_id=55\"><span class=\"wp-block-navigation-item__label\">Autorzy<\/span><\/a><\/li><li class=\" wp-block-navigation-item wp-block-navigation-link\"><a class=\"wp-block-navigation-item__content\"  href=\"https:\/\/literatura-dla-mlodych.pl\/?page_id=57\"><span class=\"wp-block-navigation-item__label\">Lektury<\/span><\/a><\/li><\/ul>\n\t\t\t\t\t\t\t<\/div>\n\t\t\t\t\t\t<\/div>\n\t\t\t\t\t<\/div>\n\t\t\t\t<\/div><\/nav>\n\n\n<div class=\"wp-block-columns is-layout-flex wp-container-core-columns-is-layout-28f84493 wp-block-columns-is-layout-flex\">\n<div class=\"wp-block-column is-layout-flow wp-block-column-is-layout-flow\" style=\"flex-basis:33.33%\">\n<figure class=\"wp-block-image size-full\"><img loading=\"lazy\" decoding=\"async\" width=\"800\" height=\"800\" src=\"https:\/\/literatura-dla-mlodych.pl\/wp-content\/uploads\/2025\/06\/10.webp\" alt=\"\" class=\"wp-image-64\" srcset=\"https:\/\/literatura-dla-mlodych.pl\/wp-content\/uploads\/2025\/06\/10.webp 800w, https:\/\/literatura-dla-mlodych.pl\/wp-content\/uploads\/2025\/06\/10-300x300.webp 300w, https:\/\/literatura-dla-mlodych.pl\/wp-content\/uploads\/2025\/06\/10-150x150.webp 150w, https:\/\/literatura-dla-mlodych.pl\/wp-content\/uploads\/2025\/06\/10-768x768.webp 768w\" sizes=\"auto, (max-width: 800px) 100vw, 800px\" \/><\/figure>\n<\/div>\n\n\n\n<div class=\"wp-block-column is-layout-flow wp-block-column-is-layout-flow\" style=\"flex-basis:66.66%\">\n<p>Edyta Prusinowska to przede wszystkich autorska literatury m\u0142odzie\u017cowej, ale te\u017c blogerka zajmuj\u0105ca si\u0119 mod\u0105, urod\u0105 i stylem \u017cycia. Od lat pisze opowiadania dla m\u0142odych. Dzi\u015b jej blogi \u015bledz\u0105 rzesze fan\u00f3w, a jej kana\u0142 na Youtube subskrybuj\u0105 tysi\u0105ce u\u017cytkownik\u00f3w. Najpopularniejsze pozycj\u0119 literackie to: dylogia &#8211; ,, Krew, kt\u00f3ra nas dzieli&#8221;, ,, Jad kt\u00f3ry w nas p\u0142ynie&#8221; oraz ,, Opowiem o Tobie gwiazdom&#8221;.<\/p>\n<\/div>\n<\/div>\n\n\n\n<div class=\"wp-block-columns is-layout-flex wp-container-core-columns-is-layout-28f84493 wp-block-columns-is-layout-flex\">\n<div class=\"wp-block-column is-layout-flow wp-block-column-is-layout-flow\" style=\"flex-basis:33.33%\">\n<figure class=\"wp-block-image size-full\"><img loading=\"lazy\" decoding=\"async\" width=\"1000\" height=\"923\" src=\"https:\/\/literatura-dla-mlodych.pl\/wp-content\/uploads\/2025\/06\/Colleenhoover.webp\" alt=\"\" class=\"wp-image-66\" srcset=\"https:\/\/literatura-dla-mlodych.pl\/wp-content\/uploads\/2025\/06\/Colleenhoover.webp 1000w, https:\/\/literatura-dla-mlodych.pl\/wp-content\/uploads\/2025\/06\/Colleenhoover-300x277.webp 300w, https:\/\/literatura-dla-mlodych.pl\/wp-content\/uploads\/2025\/06\/Colleenhoover-768x709.webp 768w\" sizes=\"auto, (max-width: 1000px) 100vw, 1000px\" \/><\/figure>\n<\/div>\n\n\n\n<div class=\"wp-block-column is-layout-flow wp-block-column-is-layout-flow\" style=\"flex-basis:66.66%\">\n<p>Colleen Hoover \u2013 ameryka\u0144ska pisarka powie\u015bci z gatunku young adult i new adult. Cho\u0107 zacz\u0119\u0142a pisa\u0107 dla przyjemno\u015bci, jej tw\u00f3rczo\u015b\u0107 zdoby\u0142a pierwsze miejsce na li\u015bcie bestseller\u00f3w New York Timesa! Jej debiutem by\u0142a w 2012 roku powie\u015b\u0107 ,,Pu\u0142apka uczu\u0107&#8221;. Lektury, kt\u00f3re przynios\u0142y jej s\u0142aw\u0119 to: ,,Hopeless&#8221; oraz dylogia, &#8211; ,, It ends with us&#8221; i ,, It starts with us&#8221;.<\/p>\n<\/div>\n<\/div>\n\n\n\n<div class=\"wp-block-columns is-layout-flex wp-container-core-columns-is-layout-28f84493 wp-block-columns-is-layout-flex\">\n<div class=\"wp-block-column is-layout-flow wp-block-column-is-layout-flow\" style=\"flex-basis:33.33%\">\n<figure class=\"wp-block-image size-full\"><img loading=\"lazy\" decoding=\"async\" width=\"350\" height=\"350\" src=\"https:\/\/literatura-dla-mlodych.pl\/wp-content\/uploads\/2025\/06\/M.L.-Rio.webp\" alt=\"\" class=\"wp-image-67\" srcset=\"https:\/\/literatura-dla-mlodych.pl\/wp-content\/uploads\/2025\/06\/M.L.-Rio.webp 350w, https:\/\/literatura-dla-mlodych.pl\/wp-content\/uploads\/2025\/06\/M.L.-Rio-300x300.webp 300w, https:\/\/literatura-dla-mlodych.pl\/wp-content\/uploads\/2025\/06\/M.L.-Rio-150x150.webp 150w\" sizes=\"auto, (max-width: 350px) 100vw, 350px\" \/><\/figure>\n<\/div>\n\n\n\n<div class=\"wp-block-column is-layout-flow wp-block-column-is-layout-flow\" style=\"flex-basis:66.66%\">\n<p>M. L. Rio to autorka ksi\u0105\u017cki A je\u015bli jeste\u015bmy z\u0142oczy\u0144cami w kategorii krymina\u0142, sensacja, thriller. Ksi\u0105\u017cka ukaza\u0142a si\u0119 nak\u0142adem wydawnictwa Flatiron Books w 2017 roku i natychmiast zdoby\u0142a status mi\u0119dzynarodowego bestsellera \u2014 zosta\u0142a wydana w dziesi\u0119ciu krajach i przet\u0142umaczona na sze\u015b\u0107 j\u0119zyk\u00f3w. To historia osadzona w mrocznym klimacie dark academia, opowiadaj\u0105ca o mi\u0142o\u015bci, przyja\u017ani, zbrodni i obsesji\u2026<\/p>\n<\/div>\n<\/div>\n","protected":false},"excerpt":{"rendered":"<p>Edyta Prusinowska to przede wszystkich autorska literatury m\u0142odzie\u017cowej, ale te\u017c blogerka zajmuj\u0105ca si\u0119 mod\u0105, urod\u0105 i stylem \u017cycia. Od lat [&hellip;]<\/p>\n","protected":false},"author":1,"featured_media":0,"parent":0,"menu_order":0,"comment_status":"closed","ping_status":"closed","template":"","meta":{"site-sidebar-layout":"default","site-content-layout":"","ast-site-content-layout":"default","site-content-style":"default","site-sidebar-style":"default","ast-global-header-display":"","ast-banner-title-visibility":"","ast-main-header-display":"","ast-hfb-above-header-display":"","ast-hfb-below-header-display":"","ast-hfb-mobile-header-display":"","site-post-title":"","ast-breadcrumbs-content":"","ast-featured-img":"","footer-sml-layout":"","theme-transparent-header-meta":"","adv-header-id-meta":"","stick-header-meta":"","header-above-stick-meta":"","header-main-stick-meta":"","header-below-stick-meta":"","astra-migrate-meta-layouts":"default","ast-page-background-enabled":"default","ast-page-background-meta":{"desktop":{"background-color":"var(--ast-global-color-5)","background-image":"","background-repeat":"repeat","background-position":"center center","background-size":"auto","background-attachment":"scroll","background-type":"","background-media":"","overlay-type":"","overlay-color":"","overlay-opacity":"","overlay-gradient":""},"tablet":{"background-color":"","background-image":"","background-repeat":"repeat","background-position":"center center","background-size":"auto","background-attachment":"scroll","background-type":"","background-media":"","overlay-type":"","overlay-color":"","overlay-opacity":"","overlay-gradient":""},"mobile":{"background-color":"","background-image":"","background-repeat":"repeat","background-position":"center center","background-size":"auto","background-attachment":"scroll","background-type":"","background-media":"","overlay-type":"","overlay-color":"","overlay-opacity":"","overlay-gradient":""}},"ast-content-background-meta":{"desktop":{"background-color":"var(--ast-global-color-4)","background-image":"","background-repeat":"repeat","background-position":"center center","background-size":"auto","background-attachment":"scroll","background-type":"","background-media":"","overlay-type":"","overlay-color":"","overlay-opacity":"","overlay-gradient":""},"tablet":{"background-color":"var(--ast-global-color-4)","background-image":"","background-repeat":"repeat","background-position":"center center","background-size":"auto","background-attachment":"scroll","background-type":"","background-media":"","overlay-type":"","overlay-color":"","overlay-opacity":"","overlay-gradient":""},"mobile":{"background-color":"var(--ast-global-color-4)","background-image":"","background-repeat":"repeat","background-position":"center center","background-size":"auto","background-attachment":"scroll","background-type":"","background-media":"","overlay-type":"","overlay-color":"","overlay-opacity":"","overlay-gradient":""}},"footnotes":""},"class_list":["post-55","page","type-page","status-publish","hentry"],"_links":{"self":[{"href":"https:\/\/literatura-dla-mlodych.pl\/index.php?rest_route=\/wp\/v2\/pages\/55","targetHints":{"allow":["GET"]}}],"collection":[{"href":"https:\/\/literatura-dla-mlodych.pl\/index.php?rest_route=\/wp\/v2\/pages"}],"about":[{"href":"https:\/\/literatura-dla-mlodych.pl\/index.php?rest_route=\/wp\/v2\/types\/page"}],"author":[{"embeddable":true,"href":"https:\/\/literatura-dla-mlodych.pl\/index.php?rest_route=\/wp\/v2\/users\/1"}],"replies":[{"embeddable":true,"href":"https:\/\/literatura-dla-mlodych.pl\/index.php?rest_route=%2Fwp%2Fv2%2Fcomments&post=55"}],"version-history":[{"count":3,"href":"https:\/\/literatura-dla-mlodych.pl\/index.php?rest_route=\/wp\/v2\/pages\/55\/revisions"}],"predecessor-version":[{"id":90,"href":"https:\/\/literatura-dla-mlodych.pl\/index.php?rest_route=\/wp\/v2\/pages\/55\/revisions\/90"}],"wp:attachment":[{"href":"https:\/\/literatura-dla-mlodych.pl\/index.php?rest_route=%2Fwp%2Fv2%2Fmedia&parent=55"}],"curies":[{"name":"wp","href":"https:\/\/api.w.org\/{rel}","templated":true}]}}