{"id":53,"date":"2025-06-25T20:11:24","date_gmt":"2025-06-25T18:11:24","guid":{"rendered":"https:\/\/literatura-dla-mlodych.pl\/?page_id=53"},"modified":"2025-06-25T21:00:00","modified_gmt":"2025-06-25T19:00:00","slug":"gatunki","status":"publish","type":"page","link":"https:\/\/literatura-dla-mlodych.pl\/?page_id=53","title":{"rendered":"Gatunki"},"content":{"rendered":"<nav class=\"is-responsive wp-block-navigation is-layout-flex wp-block-navigation-is-layout-flex\" aria-label=\"Navigation\" \n\t\t data-wp-interactive=\"core\/navigation\" data-wp-context='{\"overlayOpenedBy\":{\"click\":false,\"hover\":false,\"focus\":false},\"type\":\"overlay\",\"roleAttribute\":\"\",\"ariaLabel\":\"Menu\"}'><button aria-haspopup=\"dialog\" aria-label=\"Rozwi\u0144 menu\" class=\"wp-block-navigation__responsive-container-open\" \n\t\t\t\tdata-wp-on-async--click=\"actions.openMenuOnClick\"\n\t\t\t\tdata-wp-on--keydown=\"actions.handleMenuKeydown\"\n\t\t\t><svg width=\"24\" height=\"24\" xmlns=\"http:\/\/www.w3.org\/2000\/svg\" viewBox=\"0 0 24 24\" aria-hidden=\"true\" focusable=\"false\"><rect x=\"4\" y=\"7.5\" width=\"16\" height=\"1.5\" \/><rect x=\"4\" y=\"15\" width=\"16\" height=\"1.5\" \/><\/svg><\/button>\n\t\t\t\t<div class=\"wp-block-navigation__responsive-container\"  id=\"modal-1\" \n\t\t\t\tdata-wp-class--has-modal-open=\"state.isMenuOpen\"\n\t\t\t\tdata-wp-class--is-menu-open=\"state.isMenuOpen\"\n\t\t\t\tdata-wp-watch=\"callbacks.initMenu\"\n\t\t\t\tdata-wp-on--keydown=\"actions.handleMenuKeydown\"\n\t\t\t\tdata-wp-on-async--focusout=\"actions.handleMenuFocusout\"\n\t\t\t\ttabindex=\"-1\"\n\t\t\t>\n\t\t\t\t\t<div class=\"wp-block-navigation__responsive-close\" tabindex=\"-1\">\n\t\t\t\t\t\t<div class=\"wp-block-navigation__responsive-dialog\" \n\t\t\t\tdata-wp-bind--aria-modal=\"state.ariaModal\"\n\t\t\t\tdata-wp-bind--aria-label=\"state.ariaLabel\"\n\t\t\t\tdata-wp-bind--role=\"state.roleAttribute\"\n\t\t\t>\n\t\t\t\t\t\t\t<button aria-label=\"Zamknij menu\" class=\"wp-block-navigation__responsive-container-close\" \n\t\t\t\tdata-wp-on-async--click=\"actions.closeMenuOnClick\"\n\t\t\t><svg xmlns=\"http:\/\/www.w3.org\/2000\/svg\" viewBox=\"0 0 24 24\" width=\"24\" height=\"24\" aria-hidden=\"true\" focusable=\"false\"><path d=\"m13.06 12 6.47-6.47-1.06-1.06L12 10.94 5.53 4.47 4.47 5.53 10.94 12l-6.47 6.47 1.06 1.06L12 13.06l6.47 6.47 1.06-1.06L13.06 12Z\"><\/path><\/svg><\/button>\n\t\t\t\t\t\t\t<div class=\"wp-block-navigation__responsive-container-content\" \n\t\t\t\tdata-wp-watch=\"callbacks.focusFirstElement\"\n\t\t\t id=\"modal-1-content\">\n\t\t\t\t\t\t\t\t<ul class=\"wp-block-navigation__container is-responsive wp-block-navigation\"><li class=\" wp-block-navigation-item wp-block-navigation-link\"><a class=\"wp-block-navigation-item__content\"  href=\"https:\/\/literatura-dla-mlodych.pl\/?page_id=2\"><span class=\"wp-block-navigation-item__label\">Strona g\u0142\u00f3wna<\/span><\/a><\/li><li class=\" wp-block-navigation-item wp-block-navigation-link\"><a class=\"wp-block-navigation-item__content\"  href=\"https:\/\/literatura-dla-mlodych.pl\/?page_id=53\"><span class=\"wp-block-navigation-item__label\">Gatunki<\/span><\/a><\/li><li class=\" wp-block-navigation-item wp-block-navigation-link\"><a class=\"wp-block-navigation-item__content\"  href=\"https:\/\/literatura-dla-mlodych.pl\/?page_id=55\"><span class=\"wp-block-navigation-item__label\">Autorzy<\/span><\/a><\/li><li class=\" wp-block-navigation-item wp-block-navigation-link\"><a class=\"wp-block-navigation-item__content\"  href=\"https:\/\/literatura-dla-mlodych.pl\/?page_id=57\"><span class=\"wp-block-navigation-item__label\">Lektury<\/span><\/a><\/li><\/ul>\n\t\t\t\t\t\t\t<\/div>\n\t\t\t\t\t\t<\/div>\n\t\t\t\t\t<\/div>\n\t\t\t\t<\/div><\/nav>\n\n\n<div class=\"wp-block-columns is-layout-flex wp-container-core-columns-is-layout-28f84493 wp-block-columns-is-layout-flex\">\n<div class=\"wp-block-column is-layout-flow wp-block-column-is-layout-flow\" style=\"flex-basis:33.33%\">\n<figure class=\"wp-block-image size-full\"><img loading=\"lazy\" decoding=\"async\" width=\"1920\" height=\"1282\" src=\"https:\/\/literatura-dla-mlodych.pl\/wp-content\/uploads\/2025\/06\/book-2178586_1920.jpg\" alt=\"\" class=\"wp-image-44\" srcset=\"https:\/\/literatura-dla-mlodych.pl\/wp-content\/uploads\/2025\/06\/book-2178586_1920.jpg 1920w, https:\/\/literatura-dla-mlodych.pl\/wp-content\/uploads\/2025\/06\/book-2178586_1920-300x200.jpg 300w, https:\/\/literatura-dla-mlodych.pl\/wp-content\/uploads\/2025\/06\/book-2178586_1920-1024x684.jpg 1024w, https:\/\/literatura-dla-mlodych.pl\/wp-content\/uploads\/2025\/06\/book-2178586_1920-768x513.jpg 768w, https:\/\/literatura-dla-mlodych.pl\/wp-content\/uploads\/2025\/06\/book-2178586_1920-1536x1026.jpg 1536w\" sizes=\"auto, (max-width: 1920px) 100vw, 1920px\" \/><\/figure>\n<\/div>\n\n\n\n<div class=\"wp-block-column is-layout-flow wp-block-column-is-layout-flow\" style=\"flex-basis:66.66%\">\n<p>Badania czytelnictwa w\u015br\u00f3d m\u0142odzie\u017cy przeprowadzone przez Bibliotek\u0119 Narodow\u0105 w 2022 roku wykaza\u0142y, \u017ce nastolatkowie czytaj\u0105 coraz ch\u0119tniej i coraz wi\u0119cej. A\u017c 72% badanej m\u0142odzie\u017cy si\u0119ga po ksi\u0105\u017cki \u2013 dotyczy to nie tylko obowi\u0105zkowych lektur,ale i literatury pi\u0119knej oraz ksi\u0105\u017cek nale\u017c\u0105cych do pozosta\u0142ych gatunk\u00f3w. Du\u017cym zainteresowaniem cieszy si\u0119 literatura m\u0142odzie\u017cowa z bogat\u0105 list\u0105 bestseller\u00f3w. Jakie gatunki zaliczaj\u0105 si\u0119 do poczytnej literatury dla m\u0142odzie\u017cy?<\/p>\n<\/div>\n<\/div>\n\n\n\n<p><strong>Young Adult <\/strong>&#8211; to gatunek literacki zwany inaczej YA. Jego odbiorcy to m\u0142odzie\u017c od 12 do 18 lat. Podejmuje tematy takie jak: poczucie w\u0142asnej warto\u015bci, dojrzewanie, mi\u0142o\u015b\u0107, przyja\u017a\u0144, relacje r\u00f3wie\u015bnicze i uzale\u017cnienia.<\/p>\n\n\n\n<p><strong>New Adult <\/strong>&#8211; to gatunek skierowany do czytelnik\u00f3w od 18 do 25 lat. Tematyka takich utw\u00f3r\u00f3w literackich jest zazwyczaj bardziej powa\u017cna ni\u017c w YA. Cz\u0119sto podejmuje temat to\u017csamo\u015bci i odnalezienia swojego miejsca w \u015bwiecie.<\/p>\n\n\n\n<p><strong>Fantastyka dla m\u0142odzie\u017cy<\/strong> &#8211; M\u0142odzie\u017c ch\u0119tnie si\u0119ga po ksi\u0105\u017cki fantastyczne. W ostatnich latach powsta\u0142o wiele serii utrzymanych w tym gatunku z my\u015bl\u0105 o m\u0142odych czytelnikach. Cz\u0119\u015b\u0107 ksi\u0105\u017cek zekranizowano, co prze\u0142o\u017cy\u0142o si\u0119 na wzrost popularno\u015bci fantasy. Du\u017cym zainteresowaniem ciesz\u0105 si\u0119 w szczeg\u00f3lno\u015bci tytu\u0142y utrzymane w tematyce postapokaliptycznej. M\u0142odzie\u017c mo\u017ce odnale\u017a\u0107 w nich odpowiedzi na w\u0142asne rozterki, a tak\u017ce zastanowi\u0107 si\u0119 nad dylematami moralnymi, z kt\u00f3rymi w ksi\u0105\u017cce zmagaj\u0105 si\u0119 ich r\u00f3wie\u015bnicy.&nbsp;Literatura m\u0142odzie\u017cowa&nbsp;tego typu wci\u0105ga dziewcz\u0119ta i ch\u0142opc\u00f3w, dlatego nale\u017c\u0105 do niej liczne bestsellery.<\/p>\n\n\n\n<p><strong>Horrory i ksi\u0105\u017cki o zjawiskach paranormalnych<\/strong> &#8211; Horrory to jeden z najbardziej lubianych gatunk\u00f3w ksi\u0105\u017cek nie tylko w\u015br\u00f3d m\u0142odzie\u017cy. Si\u0119gaj\u0105 po niego czytelnicy w ka\u017cdym wieku, kt\u00f3rzy lubi\u0105 dreszczyk emocji i szukaj\u0105 odskoczni od codzienno\u015bci. Fabu\u0142a przedstawiaj\u0105ca zjawiska paranormalne, potwory, duchy, wampiry b\u0105d\u017a wilko\u0142aki mo\u017ce przera\u017ca\u0107 tak samo, jak horrory filmowe, gdy\u017c rozbudza wyobra\u017ani\u0119, a jej granice wyznacza jedynie czytelnik. W\u015br\u00f3d ksi\u0105\u017cek dla m\u0142odzie\u017cy znajduj\u0105 si\u0119 r\u00f3wnie\u017c horrory z w\u0105tkami komediowymi, kt\u00f3re \u0142\u0105cz\u0105 humor z elementami grozy. Takie powie\u015bci stanowi\u0105 doskona\u0142\u0105 rozrywk\u0119 na d\u0142ugie, zimowe wieczory, gdy nastoletni czytelnicy maj\u0105 ochot\u0119 na nieco l\u017cejsz\u0105 lektur\u0119 ni\u017c d\u0142uga, rozbudowana powie\u015b\u0107 obyczajowa. Czarna komedia bawi i straszy jednocze\u015bnie, dlatego stanowi ciekaw\u0105 alternatyw\u0119 dla innych gatunk\u00f3w literackich.<\/p>\n\n\n\n<p><strong>Poradniki dla m\u0142odzie\u017cy<\/strong> &#8211; Nastolatkowie zwykle nie chc\u0105 s\u0142ucha\u0107 rad doros\u0142ych, lecz z ch\u0119ci\u0105 przyjmuj\u0105 porady r\u00f3wie\u015bnik\u00f3w i swoich idoli. Poradniki napisane przez nastolatk\u00f3w prowadz\u0105cych w\u0142asne kana\u0142y w mediach spo\u0142eczno\u015bciowych i blogi pokazuj\u0105 m\u0142odzie\u017cy, jak radzi\u0107 sobie z r\u00f3\u017cnymi problemami codziennego \u017cycia. Poruszaj\u0105 zar\u00f3wno tematy zwi\u0105zane z budowaniem popularno\u015bci, jak i ochron\u0105 \u015brodowiska b\u0105d\u017a uzale\u017cnieniami. M\u0142odzie\u017c ch\u0119tnie si\u0119ga tak\u017ce po poradniki, kt\u00f3re opowiadaj\u0105 o \u017cyciu na emigracji. Dzi\u0119ki nim m\u0142odzi ludzie widz\u0105, \u017ce nie s\u0105 sami ze swoimi problemami i czuj\u0105 to samo, co inni nastolatkowie, kt\u00f3rzy zamieszkali poza granicami Polski. Poradniki o \u017cyciu na emigracji przydaj\u0105 si\u0119 tak\u017ce m\u0142odzie\u017cy, kt\u00f3ra zamierza wyjecha\u0107 na studia lub przeprowadza si\u0119 wraz z rodzin\u0105.<\/p>\n\n\n\n<p><strong>Literatura obyczajowa dla m\u0142odzie\u017cy, czyli ksi\u0105\u017cki o mi\u0142o\u015bci i przyja\u017ani<\/strong> -Fabu\u0142a skupiaj\u0105ca si\u0119 wok\u00f3\u0142 mi\u0142o\u015bci lub przyja\u017ani przyci\u0105ga m\u0142odzie\u017c, gdy\u017c bohaterowie odczuwaj\u0105 podobne emocje co nastolatkowie. Wsp\u00f3\u0142czesne ksi\u0105\u017cki m\u0142odzie\u017cowe opowiadaj\u0105ce o mi\u0142o\u015bci opowiadaj\u0105 nie tylko na uczuciu \u0142\u0105cz\u0105cym ch\u0142opaka i dziewczyn\u0119. Przedstawiaj\u0105 mi\u0142o\u015b\u0107 mi\u0119dzy osobami tej samej p\u0142ci, a tak\u017ce rozterki dotykaj\u0105ce ca\u0142\u0105 spo\u0142eczno\u015b\u0107 LGBT. Przybli\u017caj\u0105 emocje zwi\u0105zane z pierwszym zauroczeniem, porzuceniem, niespe\u0142nion\u0105 mi\u0142o\u015bci\u0105 oraz odkrywaniem blisko\u015bci fizycznej i w\u0142asnej seksualno\u015bci. Ksi\u0105\u017cki pokazuj\u0105 r\u00f3wnie\u017c, na czym polega prawdziwa przyja\u017a\u0144 i jak j\u0105 rozpozna\u0107. Nios\u0105 wa\u017cne przes\u0142anie dla m\u0142odych ludzi u progu doros\u0142o\u015bci, by lepiej radzili sobie z odr\u00f3\u017cnianiem przyja\u017ani od interesownych, toksycznych znajomo\u015bci.<\/p>\n\n\n\n<p><br><\/p>\n\n\n\n<p><strong><br><\/strong><\/p>\n","protected":false},"excerpt":{"rendered":"<p>Badania czytelnictwa w\u015br\u00f3d m\u0142odzie\u017cy przeprowadzone przez Bibliotek\u0119 Narodow\u0105 w 2022 roku wykaza\u0142y, \u017ce nastolatkowie czytaj\u0105 coraz ch\u0119tniej i coraz wi\u0119cej. [&hellip;]<\/p>\n","protected":false},"author":1,"featured_media":0,"parent":0,"menu_order":0,"comment_status":"closed","ping_status":"closed","template":"","meta":{"site-sidebar-layout":"default","site-content-layout":"","ast-site-content-layout":"default","site-content-style":"default","site-sidebar-style":"default","ast-global-header-display":"","ast-banner-title-visibility":"","ast-main-header-display":"","ast-hfb-above-header-display":"","ast-hfb-below-header-display":"","ast-hfb-mobile-header-display":"","site-post-title":"","ast-breadcrumbs-content":"","ast-featured-img":"","footer-sml-layout":"","theme-transparent-header-meta":"","adv-header-id-meta":"","stick-header-meta":"","header-above-stick-meta":"","header-main-stick-meta":"","header-below-stick-meta":"","astra-migrate-meta-layouts":"default","ast-page-background-enabled":"default","ast-page-background-meta":{"desktop":{"background-color":"var(--ast-global-color-5)","background-image":"","background-repeat":"repeat","background-position":"center center","background-size":"auto","background-attachment":"scroll","background-type":"","background-media":"","overlay-type":"","overlay-color":"","overlay-opacity":"","overlay-gradient":""},"tablet":{"background-color":"","background-image":"","background-repeat":"repeat","background-position":"center center","background-size":"auto","background-attachment":"scroll","background-type":"","background-media":"","overlay-type":"","overlay-color":"","overlay-opacity":"","overlay-gradient":""},"mobile":{"background-color":"","background-image":"","background-repeat":"repeat","background-position":"center center","background-size":"auto","background-attachment":"scroll","background-type":"","background-media":"","overlay-type":"","overlay-color":"","overlay-opacity":"","overlay-gradient":""}},"ast-content-background-meta":{"desktop":{"background-color":"var(--ast-global-color-4)","background-image":"","background-repeat":"repeat","background-position":"center center","background-size":"auto","background-attachment":"scroll","background-type":"","background-media":"","overlay-type":"","overlay-color":"","overlay-opacity":"","overlay-gradient":""},"tablet":{"background-color":"var(--ast-global-color-4)","background-image":"","background-repeat":"repeat","background-position":"center center","background-size":"auto","background-attachment":"scroll","background-type":"","background-media":"","overlay-type":"","overlay-color":"","overlay-opacity":"","overlay-gradient":""},"mobile":{"background-color":"var(--ast-global-color-4)","background-image":"","background-repeat":"repeat","background-position":"center center","background-size":"auto","background-attachment":"scroll","background-type":"","background-media":"","overlay-type":"","overlay-color":"","overlay-opacity":"","overlay-gradient":""}},"footnotes":""},"class_list":["post-53","page","type-page","status-publish","hentry"],"_links":{"self":[{"href":"https:\/\/literatura-dla-mlodych.pl\/index.php?rest_route=\/wp\/v2\/pages\/53","targetHints":{"allow":["GET"]}}],"collection":[{"href":"https:\/\/literatura-dla-mlodych.pl\/index.php?rest_route=\/wp\/v2\/pages"}],"about":[{"href":"https:\/\/literatura-dla-mlodych.pl\/index.php?rest_route=\/wp\/v2\/types\/page"}],"author":[{"embeddable":true,"href":"https:\/\/literatura-dla-mlodych.pl\/index.php?rest_route=\/wp\/v2\/users\/1"}],"replies":[{"embeddable":true,"href":"https:\/\/literatura-dla-mlodych.pl\/index.php?rest_route=%2Fwp%2Fv2%2Fcomments&post=53"}],"version-history":[{"count":4,"href":"https:\/\/literatura-dla-mlodych.pl\/index.php?rest_route=\/wp\/v2\/pages\/53\/revisions"}],"predecessor-version":[{"id":86,"href":"https:\/\/literatura-dla-mlodych.pl\/index.php?rest_route=\/wp\/v2\/pages\/53\/revisions\/86"}],"wp:attachment":[{"href":"https:\/\/literatura-dla-mlodych.pl\/index.php?rest_route=%2Fwp%2Fv2%2Fmedia&parent=53"}],"curies":[{"name":"wp","href":"https:\/\/api.w.org\/{rel}","templated":true}]}}