{"id":2,"date":"2025-06-24T21:17:29","date_gmt":"2025-06-24T21:17:29","guid":{"rendered":"https:\/\/literatura-dla-mlodych.pl\/?page_id=2"},"modified":"2025-06-25T20:40:54","modified_gmt":"2025-06-25T18:40:54","slug":"sample-page","status":"publish","type":"page","link":"https:\/\/literatura-dla-mlodych.pl\/?page_id=2","title":{"rendered":"Literatura dla m\u0142odych"},"content":{"rendered":"\n<p>&#8221; Kto czyta ksi\u0105\u017cki, ten \u017cyje podw\u00f3jnie &#8222;<\/p>\n\n\n<nav class=\"is-responsive wp-block-navigation is-layout-flex wp-block-navigation-is-layout-flex\" aria-label=\"Navigation\" \n\t\t data-wp-interactive=\"core\/navigation\" data-wp-context='{\"overlayOpenedBy\":{\"click\":false,\"hover\":false,\"focus\":false},\"type\":\"overlay\",\"roleAttribute\":\"\",\"ariaLabel\":\"Menu\"}'><button aria-haspopup=\"dialog\" aria-label=\"Rozwi\u0144 menu\" class=\"wp-block-navigation__responsive-container-open\" \n\t\t\t\tdata-wp-on-async--click=\"actions.openMenuOnClick\"\n\t\t\t\tdata-wp-on--keydown=\"actions.handleMenuKeydown\"\n\t\t\t><svg width=\"24\" height=\"24\" xmlns=\"http:\/\/www.w3.org\/2000\/svg\" viewBox=\"0 0 24 24\" aria-hidden=\"true\" focusable=\"false\"><rect x=\"4\" y=\"7.5\" width=\"16\" height=\"1.5\" \/><rect x=\"4\" y=\"15\" width=\"16\" height=\"1.5\" \/><\/svg><\/button>\n\t\t\t\t<div class=\"wp-block-navigation__responsive-container\"  id=\"modal-1\" \n\t\t\t\tdata-wp-class--has-modal-open=\"state.isMenuOpen\"\n\t\t\t\tdata-wp-class--is-menu-open=\"state.isMenuOpen\"\n\t\t\t\tdata-wp-watch=\"callbacks.initMenu\"\n\t\t\t\tdata-wp-on--keydown=\"actions.handleMenuKeydown\"\n\t\t\t\tdata-wp-on-async--focusout=\"actions.handleMenuFocusout\"\n\t\t\t\ttabindex=\"-1\"\n\t\t\t>\n\t\t\t\t\t<div class=\"wp-block-navigation__responsive-close\" tabindex=\"-1\">\n\t\t\t\t\t\t<div class=\"wp-block-navigation__responsive-dialog\" \n\t\t\t\tdata-wp-bind--aria-modal=\"state.ariaModal\"\n\t\t\t\tdata-wp-bind--aria-label=\"state.ariaLabel\"\n\t\t\t\tdata-wp-bind--role=\"state.roleAttribute\"\n\t\t\t>\n\t\t\t\t\t\t\t<button aria-label=\"Zamknij menu\" class=\"wp-block-navigation__responsive-container-close\" \n\t\t\t\tdata-wp-on-async--click=\"actions.closeMenuOnClick\"\n\t\t\t><svg xmlns=\"http:\/\/www.w3.org\/2000\/svg\" viewBox=\"0 0 24 24\" width=\"24\" height=\"24\" aria-hidden=\"true\" focusable=\"false\"><path d=\"m13.06 12 6.47-6.47-1.06-1.06L12 10.94 5.53 4.47 4.47 5.53 10.94 12l-6.47 6.47 1.06 1.06L12 13.06l6.47 6.47 1.06-1.06L13.06 12Z\"><\/path><\/svg><\/button>\n\t\t\t\t\t\t\t<div class=\"wp-block-navigation__responsive-container-content\" \n\t\t\t\tdata-wp-watch=\"callbacks.focusFirstElement\"\n\t\t\t id=\"modal-1-content\">\n\t\t\t\t\t\t\t\t<ul class=\"wp-block-navigation__container is-responsive wp-block-navigation\"><li class=\" wp-block-navigation-item wp-block-navigation-link\"><a class=\"wp-block-navigation-item__content\"  href=\"https:\/\/literatura-dla-mlodych.pl\/?page_id=2\"><span class=\"wp-block-navigation-item__label\">Strona g\u0142\u00f3wna<\/span><\/a><\/li><li class=\" wp-block-navigation-item wp-block-navigation-link\"><a class=\"wp-block-navigation-item__content\"  href=\"https:\/\/literatura-dla-mlodych.pl\/?page_id=53\"><span class=\"wp-block-navigation-item__label\">Gatunki<\/span><\/a><\/li><li class=\" wp-block-navigation-item wp-block-navigation-link\"><a class=\"wp-block-navigation-item__content\"  href=\"https:\/\/literatura-dla-mlodych.pl\/?page_id=55\"><span class=\"wp-block-navigation-item__label\">Autorzy<\/span><\/a><\/li><li class=\" wp-block-navigation-item wp-block-navigation-link\"><a class=\"wp-block-navigation-item__content\"  href=\"https:\/\/literatura-dla-mlodych.pl\/?page_id=57\"><span class=\"wp-block-navigation-item__label\">Lektury<\/span><\/a><\/li><\/ul>\n\t\t\t\t\t\t\t<\/div>\n\t\t\t\t\t\t<\/div>\n\t\t\t\t\t<\/div>\n\t\t\t\t<\/div><\/nav>\n\n\n<div class=\"wp-block-columns is-layout-flex wp-container-core-columns-is-layout-28f84493 wp-block-columns-is-layout-flex\">\n<div class=\"wp-block-column is-layout-flow wp-block-column-is-layout-flow\">\n<figure class=\"wp-block-image size-large\"><img loading=\"lazy\" decoding=\"async\" width=\"1024\" height=\"658\" src=\"https:\/\/literatura-dla-mlodych.pl\/wp-content\/uploads\/2025\/06\/image-1024x658.png\" alt=\"\" class=\"wp-image-33\" srcset=\"https:\/\/literatura-dla-mlodych.pl\/wp-content\/uploads\/2025\/06\/image-1024x658.png 1024w, https:\/\/literatura-dla-mlodych.pl\/wp-content\/uploads\/2025\/06\/image-300x193.png 300w, https:\/\/literatura-dla-mlodych.pl\/wp-content\/uploads\/2025\/06\/image-768x494.png 768w, https:\/\/literatura-dla-mlodych.pl\/wp-content\/uploads\/2025\/06\/image.png 1400w\" sizes=\"auto, (max-width: 1024px) 100vw, 1024px\" \/><\/figure>\n<\/div>\n\n\n\n<div class=\"wp-block-column is-layout-flow wp-block-column-is-layout-flow\">\n<p class=\"has-ast-global-color-2-color has-text-color has-link-color has-small-font-size wp-elements-0ce3f6487451035c8025c950a248fc7e\">\ud83d\udcd6 Witaj w \u015bwiecie literatury m\u0142odzie\u017cowej!<\/p>\n\n\n\n<p>Szukasz ksi\u0105\u017cek, kt\u00f3re wci\u0105gaj\u0105 od pierwszej strony, poruszaj\u0105 wa\u017cne tematy i zostaj\u0105 w pami\u0119ci na d\u0142ugo? Dobrze trafi\u0142e\u015b! Nasza strona to miejsce stworzone z my\u015bl\u0105 o m\u0142odych czytelnikach, nauczycielach, rodzicach i wszystkich, kt\u00f3rzy kochaj\u0105 literatur\u0119 m\u0142odzie\u017cow\u0105.<\/p>\n\n\n\n<p>Znajdziesz tu:<\/p>\n\n\n\n<ul class=\"wp-block-list\">\n<li>\u2b50 Opisy i recenzje najciekawszych <strong>ksi\u0105\u017cek dla m\u0142odzie\u017cy<\/strong><\/li>\n\n\n\n<li>\ud83c\udfad Przegl\u0105d <strong>gatunk\u00f3w literackich<\/strong> \u2013 od fantasy, przez obyczaj, po science fiction i powie\u015bci psychologiczne<\/li>\n\n\n\n<li>\u270d\ufe0f Sylwetki <strong>autor\u00f3w<\/strong>, kt\u00f3rzy tworz\u0105 dla m\u0142odych i o m\u0142odych \u2013 zar\u00f3wno klasyk\u00f3w, jak i wsp\u00f3\u0142czesnych tw\u00f3rc\u00f3w<\/li>\n<\/ul>\n\n\n\n<p class=\"has-ast-global-color-2-color has-text-color has-link-color has-small-font-size wp-elements-adfde11bf1b36507390278043ceb9a76\">Naszym celem jest inspirowanie do czytania i pokazanie, \u017ce literatura m\u0142odzie\u017cowa to nie tylko lektury szkolne, ale przede wszystkim emocje, przygoda, refleksja i pasja. Bez wzgl\u0119du na to, czy jeste\u015b zapalonym czytelnikiem, dopiero zaczynasz swoj\u0105 przygod\u0119 z ksi\u0105\u017ckami, czy szukasz czego\u015b dla m\u0142odej osoby \u2013 u nas znajdziesz co\u015b dla siebie.<\/p>\n<\/div>\n<\/div>\n\n\n\n<p class=\"has-small-font-size\"><\/p>\n\n\n\n<p><\/p>\n","protected":false},"excerpt":{"rendered":"<p>&#8221; Kto czyta ksi\u0105\u017cki, ten \u017cyje podw\u00f3jnie &#8222; \ud83d\udcd6 Witaj w \u015bwiecie literatury m\u0142odzie\u017cowej! Szukasz ksi\u0105\u017cek, kt\u00f3re wci\u0105gaj\u0105 od pierwszej [&hellip;]<\/p>\n","protected":false},"author":1,"featured_media":0,"parent":0,"menu_order":0,"comment_status":"closed","ping_status":"open","template":"","meta":{"site-sidebar-layout":"default","site-content-layout":"","ast-site-content-layout":"full-width-container","site-content-style":"unboxed","site-sidebar-style":"default","ast-global-header-display":"","ast-banner-title-visibility":"","ast-main-header-display":"","ast-hfb-above-header-display":"","ast-hfb-below-header-display":"","ast-hfb-mobile-header-display":"","site-post-title":"","ast-breadcrumbs-content":"","ast-featured-img":"","footer-sml-layout":"","theme-transparent-header-meta":"","adv-header-id-meta":"","stick-header-meta":"","header-above-stick-meta":"","header-main-stick-meta":"","header-below-stick-meta":"","astra-migrate-meta-layouts":"default","ast-page-background-enabled":"default","ast-page-background-meta":{"desktop":{"background-color":"var(--ast-global-color-5)","background-image":"","background-repeat":"repeat","background-position":"center center","background-size":"auto","background-attachment":"scroll","background-type":"","background-media":"","overlay-type":"","overlay-color":"","overlay-opacity":"","overlay-gradient":""},"tablet":{"background-color":"","background-image":"","background-repeat":"repeat","background-position":"center center","background-size":"auto","background-attachment":"scroll","background-type":"","background-media":"","overlay-type":"","overlay-color":"","overlay-opacity":"","overlay-gradient":""},"mobile":{"background-color":"","background-image":"","background-repeat":"repeat","background-position":"center center","background-size":"auto","background-attachment":"scroll","background-type":"","background-media":"","overlay-type":"","overlay-color":"","overlay-opacity":"","overlay-gradient":""}},"ast-content-background-meta":{"desktop":{"background-color":"var(--ast-global-color-4)","background-image":"","background-repeat":"repeat","background-position":"center center","background-size":"auto","background-attachment":"scroll","background-type":"","background-media":"","overlay-type":"","overlay-color":"","overlay-opacity":"","overlay-gradient":""},"tablet":{"background-color":"var(--ast-global-color-4)","background-image":"","background-repeat":"repeat","background-position":"center center","background-size":"auto","background-attachment":"scroll","background-type":"","background-media":"","overlay-type":"","overlay-color":"","overlay-opacity":"","overlay-gradient":""},"mobile":{"background-color":"var(--ast-global-color-4)","background-image":"","background-repeat":"repeat","background-position":"center center","background-size":"auto","background-attachment":"scroll","background-type":"","background-media":"","overlay-type":"","overlay-color":"","overlay-opacity":"","overlay-gradient":""}},"footnotes":""},"class_list":["post-2","page","type-page","status-publish","hentry"],"_links":{"self":[{"href":"https:\/\/literatura-dla-mlodych.pl\/index.php?rest_route=\/wp\/v2\/pages\/2","targetHints":{"allow":["GET"]}}],"collection":[{"href":"https:\/\/literatura-dla-mlodych.pl\/index.php?rest_route=\/wp\/v2\/pages"}],"about":[{"href":"https:\/\/literatura-dla-mlodych.pl\/index.php?rest_route=\/wp\/v2\/types\/page"}],"author":[{"embeddable":true,"href":"https:\/\/literatura-dla-mlodych.pl\/index.php?rest_route=\/wp\/v2\/users\/1"}],"replies":[{"embeddable":true,"href":"https:\/\/literatura-dla-mlodych.pl\/index.php?rest_route=%2Fwp%2Fv2%2Fcomments&post=2"}],"version-history":[{"count":5,"href":"https:\/\/literatura-dla-mlodych.pl\/index.php?rest_route=\/wp\/v2\/pages\/2\/revisions"}],"predecessor-version":[{"id":76,"href":"https:\/\/literatura-dla-mlodych.pl\/index.php?rest_route=\/wp\/v2\/pages\/2\/revisions\/76"}],"wp:attachment":[{"href":"https:\/\/literatura-dla-mlodych.pl\/index.php?rest_route=%2Fwp%2Fv2%2Fmedia&parent=2"}],"curies":[{"name":"wp","href":"https:\/\/api.w.org\/{rel}","templated":true}]}}